{"id":864,"date":"2021-04-30T12:47:46","date_gmt":"2021-04-30T10:47:46","guid":{"rendered":"https:\/\/vatrostalac.hr\/?page_id=864"},"modified":"2021-05-25T11:16:17","modified_gmt":"2021-05-25T09:16:17","slug":"feuerfeste-waermedaemmbetone-izol","status":"publish","type":"page","link":"https:\/\/vatrostalac.hr\/de\/feuerfeste-waermedaemmbetone-izol\/","title":{"rendered":"Feuerfeste W\u00e4rmed\u00e4mmbetone &#8220;IZOL&#8221;"},"content":{"rendered":"<div class=\"wpb-content-wrapper\"><section class=\"l-section wpb_row height_medium\"><div class=\"l-section-h i-cf\" style=\"padding-bottom: 0px !important;\"><div class=\"g-cols vc_row type_default valign_middle\"><div class=\"vc_col-sm-6 wpb_column vc_column_container\"><div class=\"vc_column-inner\"><div class=\"wpb_wrapper\"><div class=\"w-image align_center\"><div class=\"w-image-h\"><img loading=\"lazy\" decoding=\"async\" width=\"3508\" height=\"2480\" src=\"https:\/\/vatrostalac.hr\/wp-content\/uploads\/2020\/09\/Termoizolacijski-beton-k-10.jpg\" class=\"attachment-full size-full\" alt=\"\" srcset=\"https:\/\/vatrostalac.hr\/wp-content\/uploads\/2020\/09\/Termoizolacijski-beton-k-10.jpg 3508w, https:\/\/vatrostalac.hr\/wp-content\/uploads\/2020\/09\/Termoizolacijski-beton-k-10-300x212.jpg 300w, https:\/\/vatrostalac.hr\/wp-content\/uploads\/2020\/09\/Termoizolacijski-beton-k-10-1024x724.jpg 1024w\" sizes=\"auto, (max-width: 3508px) 100vw, 3508px\" \/><\/div><\/div><\/div><\/div><\/div><div class=\"vc_col-sm-6 wpb_column vc_column_container\"><div class=\"vc_column-inner\"><div class=\"wpb_wrapper\">\r\n\t<div class=\"wpb_text_column  naslov004\">\r\n\t\t<div class=\"wpb_wrapper\">\r\n\t\t\t<p>Feuerfeste W\u00e4rmed\u00e4mmbetone &#8220;IZOL&#8221;<\/p>\n\r\n\t\t<\/div>\r\n\t<\/div>\r\n[vc_empty_space]\r\n\t<div class=\"wpb_text_column \">\r\n\t\t<div class=\"wpb_wrapper\">\r\n\t\t\t<p><strong>ANWENDUNG:<\/strong><br \/>\nSie werden zur W\u00e4rmed\u00e4mmung von W\u00e4rmekraftwerken eingesetzt und k\u00f6nnen auch als Ersatz f\u00fcr W\u00e4rmed\u00e4mmsteine dienen. Der hydraulische Anschluss sorgt f\u00fcr eine stabile Beschichtung.<\/p>\n<p><strong>VERPACKUNG:<\/strong><br \/>\nExtra starke Plastikt\u00fcten auf einer Palette und in Schrumpffolie eingewickelt.<\/p>\n<p><strong>LAGERUNG:<\/strong><br \/>\nDrinnen in der Originalverpackung gem\u00e4\u00df den Anweisungen des Herstellers.<\/p>\n\r\n\t\t<\/div>\r\n\t<\/div>\r\n<div class=\"g-cols wpb_row type_default valign_top vc_inner \"><div class=\"vc_col-sm-6 wpb_column vc_column_container\"><div class=\"vc_column-inner\"><div class=\"wpb_wrapper\"><div class=\" ubtn-ctn-left \"><a class=\"ubtn-link ult-adjust-bottom-margin ubtn-left ubtn-normal \" href=\"https:\/\/vatrostalac.hr\/de\/kontakt\/\" title=\"Kontakt\" ><button type=\"button\" id=\"ubtn-5561\"  class=\"ubtn ult-adjust-bottom-margin ult-responsive ubtn-normal ubtn-no-hover-bg  none  ubtn-left   tooltip-69e8cace4b8fe\"  data-hover=\"#000000\" data-border-color=\"\" data-bg=\"#ef7e2d\" data-hover-bg=\"#dddddd\" data-border-hover=\"\" data-shadow-hover=\"\" data-shadow-click=\"none\" data-shadow=\"\" data-shd-shadow=\"\"  data-ultimate-target='#ubtn-5561'  data-responsive-json-new='{\"font-size\":\"\",\"line-height\":\"\"}'  style=\"font-weight:normal;border:none;background: #ef7e2d;color: #ffffff;\"><span class=\"ubtn-hover\" style=\"background-color:#dddddd\"><\/span><span class=\"ubtn-data ubtn-text \" >FORDERN SIE EIN ANGEBOT AN<\/span><\/button><\/a><\/div><\/div><\/div><\/div><div class=\"vc_col-sm-6 wpb_column vc_column_container\"><div class=\"vc_column-inner\"><div class=\"wpb_wrapper\"><div class=\" ubtn-ctn-left \"><a class=\"ubtn-link ult-adjust-bottom-margin ubtn-left ubtn-normal \" href=\"https:\/\/vatrostalac.hr\/wp-content\/uploads\/2021\/05\/Vatrostalac-d.o.o.-Produktbrosch\u00fcre.pdf\" title=\"Katalog\" target=\"_blank\" rel=\"noopener\" ><button type=\"button\" id=\"ubtn-8893\"  class=\"ubtn ult-adjust-bottom-margin ult-responsive ubtn-normal ubtn-no-hover-bg  none  ubtn-left   tooltip-69e8cace4ba5d\"  data-hover=\"#000000\" data-border-color=\"\" data-bg=\"#ef7e2d\" data-hover-bg=\"#dddddd\" data-border-hover=\"\" data-shadow-hover=\"\" data-shadow-click=\"none\" data-shadow=\"\" data-shd-shadow=\"\"  data-ultimate-target='#ubtn-8893'  data-responsive-json-new='{\"font-size\":\"\",\"line-height\":\"\"}'  style=\"font-weight:normal;border:none;background: #ef7e2d;color: #ffffff;\"><span class=\"ubtn-hover\" style=\"background-color:#dddddd\"><\/span><span class=\"ubtn-data ubtn-text \" >KATALOG PR\u00dcFEN<\/span><\/button><\/a><\/div><\/div><\/div><\/div><\/div><\/div><\/div><\/div><\/div><\/div><\/section>\n<\/div>","protected":false},"excerpt":{"rendered":"Feuerfeste W\u00e4rmed\u00e4mmbetone \"IZOL\" [vc_empty_space] ANWENDUNG: Sie werden zur W\u00e4rmed\u00e4mmung von W\u00e4rmekraftwerken eingesetzt und k\u00f6nnen auch als Ersatz f\u00fcr W\u00e4rmed\u00e4mmsteine dienen. Der hydraulische Anschluss sorgt f\u00fcr eine stabile Beschichtung. VERPACKUNG: Extra starke Plastikt\u00fcten auf einer Palette und in Schrumpffolie eingewickelt. LAGERUNG: Drinnen in der Originalverpackung gem\u00e4\u00df den Anweisungen des Herstellers. FORDERN SIE EIN ANGEBOT ANKATALOG PR\u00dcFEN","protected":false},"author":4,"featured_media":0,"parent":0,"menu_order":0,"comment_status":"closed","ping_status":"closed","template":"","meta":{"footnotes":""},"class_list":["post-864","page","type-page","status-publish","hentry"],"_links":{"self":[{"href":"https:\/\/vatrostalac.hr\/de\/wp-json\/wp\/v2\/pages\/864","targetHints":{"allow":["GET"]}}],"collection":[{"href":"https:\/\/vatrostalac.hr\/de\/wp-json\/wp\/v2\/pages"}],"about":[{"href":"https:\/\/vatrostalac.hr\/de\/wp-json\/wp\/v2\/types\/page"}],"author":[{"embeddable":true,"href":"https:\/\/vatrostalac.hr\/de\/wp-json\/wp\/v2\/users\/4"}],"replies":[{"embeddable":true,"href":"https:\/\/vatrostalac.hr\/de\/wp-json\/wp\/v2\/comments?post=864"}],"version-history":[{"count":4,"href":"https:\/\/vatrostalac.hr\/de\/wp-json\/wp\/v2\/pages\/864\/revisions"}],"predecessor-version":[{"id":1055,"href":"https:\/\/vatrostalac.hr\/de\/wp-json\/wp\/v2\/pages\/864\/revisions\/1055"}],"wp:attachment":[{"href":"https:\/\/vatrostalac.hr\/de\/wp-json\/wp\/v2\/media?parent=864"}],"curies":[{"name":"wp","href":"https:\/\/api.w.org\/{rel}","templated":true}]}}