{"id":876,"date":"2021-04-30T13:01:51","date_gmt":"2021-04-30T11:01:51","guid":{"rendered":"https:\/\/vatrostalac.hr\/?page_id=876"},"modified":"2021-05-25T11:16:10","modified_gmt":"2021-05-25T09:16:10","slug":"feuerfester-moertel-aus-aluminosilikat-km","status":"publish","type":"page","link":"https:\/\/vatrostalac.hr\/de\/feuerfester-moertel-aus-aluminosilikat-km\/","title":{"rendered":"Feuerfester M\u00f6rtel aus Aluminosilikat &#8220;KM&#8221;"},"content":{"rendered":"<div class=\"wpb-content-wrapper\"><section class=\"l-section wpb_row height_medium\"><div class=\"l-section-h i-cf\" style=\"padding-bottom: 0px !important;\"><div class=\"g-cols vc_row type_default valign_middle\"><div class=\"vc_col-sm-6 wpb_column vc_column_container\"><div class=\"vc_column-inner\"><div class=\"wpb_wrapper\"><div class=\"w-image align_center\"><div class=\"w-image-h\"><img loading=\"lazy\" decoding=\"async\" width=\"3508\" height=\"2480\" src=\"https:\/\/vatrostalac.hr\/wp-content\/uploads\/2020\/09\/Mort.jpg\" class=\"attachment-full size-full\" alt=\"\" srcset=\"https:\/\/vatrostalac.hr\/wp-content\/uploads\/2020\/09\/Mort.jpg 3508w, https:\/\/vatrostalac.hr\/wp-content\/uploads\/2020\/09\/Mort-300x212.jpg 300w, https:\/\/vatrostalac.hr\/wp-content\/uploads\/2020\/09\/Mort-1024x724.jpg 1024w\" sizes=\"auto, (max-width: 3508px) 100vw, 3508px\" \/><\/div><\/div><\/div><\/div><\/div><div class=\"vc_col-sm-6 wpb_column vc_column_container\"><div class=\"vc_column-inner\"><div class=\"wpb_wrapper\">\r\n\t<div class=\"wpb_text_column  naslov004\">\r\n\t\t<div class=\"wpb_wrapper\">\r\n\t\t\t<p>Feuerfester M\u00f6rtel aus Aluminosilikat &#8220;KM&#8221;<\/p>\n\r\n\t\t<\/div>\r\n\t<\/div>\r\n[vc_empty_space]\r\n\t<div class=\"wpb_text_column \">\r\n\t\t<div class=\"wpb_wrapper\">\r\n\t\t\t<p><strong>ANWENDUNG:<\/strong><br \/>\nKM-1 und KM-2 werden verwendet, um die Fugen zwischen \u0160BO-Qualit\u00e4tsziegeln zu f\u00fcllen.<\/p>\n<p>KM-3 wird verwendet, um die Fugen zwischen VKS-Qualit\u00e4tsziegeln zu f\u00fcllen.<\/p>\n<p>KM-4 wird verwendet, um die Fugen zwischen KRS-Qualit\u00e4tsziegeln zu f\u00fcllen.<\/p>\n<p>KM-5 wird zum Einbau von Ziegeln in Gusskessel und -platten, Kuppel\u00f6fen usw. verwendet.<\/p>\n<p>KM-6 wird f\u00fcr das Mauerwerk von Isoliersteinen LO- und LVO-Qualit\u00e4t verwendet.<\/p>\n<p>KM-7 wird f\u00fcr den Bau von Hoch\u00f6fen verwendet.<\/p>\n<p>KM-8 wird f\u00fcr das Mauerwerk von Ziegeln mit hohem Aluminiumoxidgehalt verwendet.<\/p>\n<p><strong>VERPACKUNG:<\/strong><br \/>\nExtra starke Plastikt\u00fcten auf einer Palette und in Schrumpffolie eingewickelt.<\/p>\n<p><strong>LAGERUNG:<\/strong><br \/>\nDrinnen in der Originalverpackung gem\u00e4\u00df den Anweisungen des Herstellers.<\/p>\n\r\n\t\t<\/div>\r\n\t<\/div>\r\n<div class=\"g-cols wpb_row type_default valign_top vc_inner \"><div class=\"vc_col-sm-6 wpb_column vc_column_container\"><div class=\"vc_column-inner\"><div class=\"wpb_wrapper\"><div class=\" ubtn-ctn-left \"><a class=\"ubtn-link ult-adjust-bottom-margin ubtn-left ubtn-normal \" href=\"https:\/\/vatrostalac.hr\/de\/kontakt\/\" title=\"Kontakt\" ><button type=\"button\" id=\"ubtn-6159\"  class=\"ubtn ult-adjust-bottom-margin ult-responsive ubtn-normal ubtn-no-hover-bg  none  ubtn-left   tooltip-69e8cad08055d\"  data-hover=\"#000000\" data-border-color=\"\" data-bg=\"#ef7e2d\" data-hover-bg=\"#dddddd\" data-border-hover=\"\" data-shadow-hover=\"\" data-shadow-click=\"none\" data-shadow=\"\" data-shd-shadow=\"\"  data-ultimate-target='#ubtn-6159'  data-responsive-json-new='{\"font-size\":\"\",\"line-height\":\"\"}'  style=\"font-weight:normal;border:none;background: #ef7e2d;color: #ffffff;\"><span class=\"ubtn-hover\" style=\"background-color:#dddddd\"><\/span><span class=\"ubtn-data ubtn-text \" >FORDERN SIE EIN ANGEBOT AN<\/span><\/button><\/a><\/div><\/div><\/div><\/div><div class=\"vc_col-sm-6 wpb_column vc_column_container\"><div class=\"vc_column-inner\"><div class=\"wpb_wrapper\"><div class=\" ubtn-ctn-left \"><a class=\"ubtn-link ult-adjust-bottom-margin ubtn-left ubtn-normal \" href=\"https:\/\/vatrostalac.hr\/wp-content\/uploads\/2021\/05\/Vatrostalac-d.o.o.-Produktbrosch\u00fcre.pdf\" title=\"Katalog\" target=\"_blank\" rel=\"noopener\" ><button type=\"button\" id=\"ubtn-6036\"  class=\"ubtn ult-adjust-bottom-margin ult-responsive ubtn-normal ubtn-no-hover-bg  none  ubtn-left   tooltip-69e8cad0806d9\"  data-hover=\"#000000\" data-border-color=\"\" data-bg=\"#ef7e2d\" data-hover-bg=\"#dddddd\" data-border-hover=\"\" data-shadow-hover=\"\" data-shadow-click=\"none\" data-shadow=\"\" data-shd-shadow=\"\"  data-ultimate-target='#ubtn-6036'  data-responsive-json-new='{\"font-size\":\"\",\"line-height\":\"\"}'  style=\"font-weight:normal;border:none;background: #ef7e2d;color: #ffffff;\"><span class=\"ubtn-hover\" style=\"background-color:#dddddd\"><\/span><span class=\"ubtn-data ubtn-text \" >KATALOG PR\u00dcFEN<\/span><\/button><\/a><\/div><\/div><\/div><\/div><\/div><\/div><\/div><\/div><\/div><\/div><\/section>\n<\/div>","protected":false},"excerpt":{"rendered":"Feuerfester M\u00f6rtel aus Aluminosilikat \"KM\" [vc_empty_space] ANWENDUNG: KM-1 und KM-2 werden verwendet, um die Fugen zwischen \u0160BO-Qualit\u00e4tsziegeln zu f\u00fcllen. KM-3 wird verwendet, um die Fugen zwischen VKS-Qualit\u00e4tsziegeln zu f\u00fcllen. KM-4 wird verwendet, um die Fugen zwischen KRS-Qualit\u00e4tsziegeln zu f\u00fcllen. KM-5 wird zum Einbau von Ziegeln in Gusskessel und -platten, Kuppel\u00f6fen usw. verwendet. KM-6 wird f\u00fcr...","protected":false},"author":4,"featured_media":0,"parent":0,"menu_order":0,"comment_status":"closed","ping_status":"closed","template":"","meta":{"footnotes":""},"class_list":["post-876","page","type-page","status-publish","hentry"],"_links":{"self":[{"href":"https:\/\/vatrostalac.hr\/de\/wp-json\/wp\/v2\/pages\/876","targetHints":{"allow":["GET"]}}],"collection":[{"href":"https:\/\/vatrostalac.hr\/de\/wp-json\/wp\/v2\/pages"}],"about":[{"href":"https:\/\/vatrostalac.hr\/de\/wp-json\/wp\/v2\/types\/page"}],"author":[{"embeddable":true,"href":"https:\/\/vatrostalac.hr\/de\/wp-json\/wp\/v2\/users\/4"}],"replies":[{"embeddable":true,"href":"https:\/\/vatrostalac.hr\/de\/wp-json\/wp\/v2\/comments?post=876"}],"version-history":[{"count":5,"href":"https:\/\/vatrostalac.hr\/de\/wp-json\/wp\/v2\/pages\/876\/revisions"}],"predecessor-version":[{"id":1054,"href":"https:\/\/vatrostalac.hr\/de\/wp-json\/wp\/v2\/pages\/876\/revisions\/1054"}],"wp:attachment":[{"href":"https:\/\/vatrostalac.hr\/de\/wp-json\/wp\/v2\/media?parent=876"}],"curies":[{"name":"wp","href":"https:\/\/api.w.org\/{rel}","templated":true}]}}