{"id":879,"date":"2021-04-30T13:03:12","date_gmt":"2021-04-30T11:03:12","guid":{"rendered":"https:\/\/vatrostalac.hr\/?page_id=879"},"modified":"2021-05-25T11:17:11","modified_gmt":"2021-05-25T09:17:11","slug":"feuerfeste-kitte-kt","status":"publish","type":"page","link":"https:\/\/vatrostalac.hr\/de\/feuerfeste-kitte-kt\/","title":{"rendered":"Feuerfeste Kitte &#8220;KT&#8221;"},"content":{"rendered":"<div class=\"wpb-content-wrapper\"><section class=\"l-section wpb_row height_medium\"><div class=\"l-section-h i-cf\" style=\"padding-bottom: 0px !important;\"><div class=\"g-cols vc_row type_default valign_middle\"><div class=\"vc_col-sm-6 wpb_column vc_column_container\"><div class=\"vc_column-inner\"><div class=\"wpb_wrapper\"><\/div><\/div><\/div><div class=\"vc_col-sm-6 wpb_column vc_column_container\"><div class=\"vc_column-inner\"><div class=\"wpb_wrapper\">\r\n\t<div class=\"wpb_text_column  naslov004\">\r\n\t\t<div class=\"wpb_wrapper\">\r\n\t\t\t<p>Feuerfeste Kitte &#8220;KT&#8221;<\/p>\n\r\n\t\t<\/div>\r\n\t<\/div>\r\n[vc_empty_space]\r\n\t<div class=\"wpb_text_column \">\r\n\t\t<div class=\"wpb_wrapper\">\r\n\t\t\t<p><strong>ANWENDUNG:<\/strong><br \/>\nKT-1 wird f\u00fcr Beschichtungen, Kitt und als M\u00f6rtel f\u00fcr Massen und Schamottesteine verwendet.<\/p>\n<p>KT-2 dient als Korrosionsschutz.<\/p>\n<p>KT-3 dient als sinterarmer Kitt f\u00fcr den Bau von Abzugskan\u00e4len in W\u00e4rmekraftwerken und f\u00fcr den Bau von Pyrit-Brenn\u00f6fen in der chem. ind.<\/p>\n<p>KT-4 wird f\u00fcr Mauerwerk von hochalumin\u00f6ses Material Material verwendet.<\/p>\n<p>KT-5 wird zum Einbau von Ausg\u00fcssen in Zwischenkessel verwendet.<\/p>\n\r\n\t\t<\/div>\r\n\t<\/div>\r\n<div class=\"g-cols wpb_row type_default valign_top vc_inner \"><div class=\"vc_col-sm-6 wpb_column vc_column_container\"><div class=\"vc_column-inner\"><div class=\"wpb_wrapper\"><div class=\" ubtn-ctn-left \"><a class=\"ubtn-link ult-adjust-bottom-margin ubtn-left ubtn-normal \" href=\"https:\/\/vatrostalac.hr\/de\/kontakt\/\" title=\"Kontakt\" ><button type=\"button\" id=\"ubtn-2192\"  class=\"ubtn ult-adjust-bottom-margin ult-responsive ubtn-normal ubtn-no-hover-bg  none  ubtn-left   tooltip-69e8cace49784\"  data-hover=\"#000000\" data-border-color=\"\" data-bg=\"#ef7e2d\" data-hover-bg=\"#dddddd\" data-border-hover=\"\" data-shadow-hover=\"\" data-shadow-click=\"none\" data-shadow=\"\" data-shd-shadow=\"\"  data-ultimate-target='#ubtn-2192'  data-responsive-json-new='{\"font-size\":\"\",\"line-height\":\"\"}'  style=\"font-weight:normal;border:none;background: #ef7e2d;color: #ffffff;\"><span class=\"ubtn-hover\" style=\"background-color:#dddddd\"><\/span><span class=\"ubtn-data ubtn-text \" >FORDERN SIE EIN ANGEBOT AN<\/span><\/button><\/a><\/div><\/div><\/div><\/div><div class=\"vc_col-sm-6 wpb_column vc_column_container\"><div class=\"vc_column-inner\"><div class=\"wpb_wrapper\"><div class=\" ubtn-ctn-left \"><a class=\"ubtn-link ult-adjust-bottom-margin ubtn-left ubtn-normal \" href=\"https:\/\/vatrostalac.hr\/wp-content\/uploads\/2021\/05\/Vatrostalac-d.o.o.-Produktbrosch\u00fcre.pdf\" title=\"Katalog\" target=\"_blank\" rel=\"noopener\" ><button type=\"button\" id=\"ubtn-7615\"  class=\"ubtn ult-adjust-bottom-margin ult-responsive ubtn-normal ubtn-no-hover-bg  none  ubtn-left   tooltip-69e8cace498d8\"  data-hover=\"#000000\" data-border-color=\"\" data-bg=\"#ef7e2d\" data-hover-bg=\"#dddddd\" data-border-hover=\"\" data-shadow-hover=\"\" data-shadow-click=\"none\" data-shadow=\"\" data-shd-shadow=\"\"  data-ultimate-target='#ubtn-7615'  data-responsive-json-new='{\"font-size\":\"\",\"line-height\":\"\"}'  style=\"font-weight:normal;border:none;background: #ef7e2d;color: #ffffff;\"><span class=\"ubtn-hover\" style=\"background-color:#dddddd\"><\/span><span class=\"ubtn-data ubtn-text \" >KATALOG PR\u00dcFEN<\/span><\/button><\/a><\/div><\/div><\/div><\/div><\/div><\/div><\/div><\/div><\/div><\/div><\/section>\n<\/div>","protected":false},"excerpt":{"rendered":"Feuerfeste Kitte \"KT\" [vc_empty_space] ANWENDUNG: KT-1 wird f\u00fcr Beschichtungen, Kitt und als M\u00f6rtel f\u00fcr Massen und Schamottesteine verwendet. KT-2 dient als Korrosionsschutz. KT-3 dient als sinterarmer Kitt f\u00fcr den Bau von Abzugskan\u00e4len in W\u00e4rmekraftwerken und f\u00fcr den Bau von Pyrit-Brenn\u00f6fen in der chem. ind. KT-4 wird f\u00fcr Mauerwerk von hochalumin\u00f6ses Material Material verwendet. KT-5 wird...","protected":false},"author":4,"featured_media":0,"parent":0,"menu_order":0,"comment_status":"closed","ping_status":"closed","template":"","meta":{"footnotes":""},"class_list":["post-879","page","type-page","status-publish","hentry"],"_links":{"self":[{"href":"https:\/\/vatrostalac.hr\/de\/wp-json\/wp\/v2\/pages\/879","targetHints":{"allow":["GET"]}}],"collection":[{"href":"https:\/\/vatrostalac.hr\/de\/wp-json\/wp\/v2\/pages"}],"about":[{"href":"https:\/\/vatrostalac.hr\/de\/wp-json\/wp\/v2\/types\/page"}],"author":[{"embeddable":true,"href":"https:\/\/vatrostalac.hr\/de\/wp-json\/wp\/v2\/users\/4"}],"replies":[{"embeddable":true,"href":"https:\/\/vatrostalac.hr\/de\/wp-json\/wp\/v2\/comments?post=879"}],"version-history":[{"count":5,"href":"https:\/\/vatrostalac.hr\/de\/wp-json\/wp\/v2\/pages\/879\/revisions"}],"predecessor-version":[{"id":1060,"href":"https:\/\/vatrostalac.hr\/de\/wp-json\/wp\/v2\/pages\/879\/revisions\/1060"}],"wp:attachment":[{"href":"https:\/\/vatrostalac.hr\/de\/wp-json\/wp\/v2\/media?parent=879"}],"curies":[{"name":"wp","href":"https:\/\/api.w.org\/{rel}","templated":true}]}}