{"id":899,"date":"2021-04-30T13:15:19","date_gmt":"2021-04-30T11:15:19","guid":{"rendered":"https:\/\/vatrostalac.hr\/?page_id=899"},"modified":"2021-11-17T15:20:44","modified_gmt":"2021-11-17T14:20:44","slug":"ueber-uns","status":"publish","type":"page","link":"https:\/\/vatrostalac.hr\/de\/ueber-uns\/","title":{"rendered":"\u00dcber uns"},"content":{"rendered":"<div class=\"wpb-content-wrapper\"><section class=\"l-section wpb_row height_medium\"><div class=\"l-section-h i-cf\"><div class=\"g-cols vc_row type_default valign_top\"><div class=\"vc_col-sm-12 wpb_column vc_column_container\"><div class=\"vc_column-inner\"><div class=\"wpb_wrapper\"><div class=\"g-cols wpb_row type_default valign_top vc_inner \"><div class=\"vc_col-sm-12 wpb_column vc_column_container\"><div class=\"vc_column-inner\"><div class=\"wpb_wrapper\">\r\n\t<div class=\"wpb_text_column \">\r\n\t\t<div class=\"wpb_wrapper\">\r\n\t\t\t<p>Das Unternehmen <strong>Vatrostalac<\/strong> wurde 1988 in der Stadt Krapina (Norden Kroatiens) als ein Familienunternehmen gegr\u00fcndet, was es noch heute ist. Das Unternehmen besch\u00e4ftigt sich mit der Herstellung von feuerfesten Pulvermaterialien in der Produktionsst\u00e4tte die sich in der Stadt Krapina befindet. In der Zusammenarbeit mit mehreren bekannten externen<br \/>\nUnternehmen werden feuerfeste Materialien in verschiedenen Formen wie Schamott- und Aluminiumoxidsteine, Portionsisoliersteine und Cordart-Brandschutzsteine geliefert. Mit dieser Produktpalette vervollst\u00e4ndigt das Unternehmen Vatrostalac sein Angebot f\u00fcr die Branchen, in denen feuerfeste Materialien ben\u00f6tigt werden.<\/p>\n<p>Mit seinem Wissen, Erfahrung und professionellen Auftritt hat das Unternehmen Vatrostalac das Vertrauen einer gro\u00dfen Anzahl von Kunden aus der ganzen Republik Kroatien und der Region gewonnen. Obwohl sich das Angebot auf standardisierte Artikeln und Produkten basiert, die von der Branche diktiert wurden, wird jeder Kunde individuell angesprochen, so dass wir nicht nur Standardl\u00f6sungen anbieten, sondern alles kann nach<br \/>\nden individuellen Bed\u00fcrfnissen der Kunden besprochen werden.<\/p>\n\r\n\t\t<\/div>\r\n\t<\/div>\r\n<div class=\"w-image\"><div class=\"w-image-h\"><img loading=\"lazy\" decoding=\"async\" width=\"150\" height=\"150\" src=\"https:\/\/vatrostalac.hr\/wp-content\/uploads\/2021\/11\/pngwing.com_-150x150.png\" class=\"attachment-thumbnail size-thumbnail\" alt=\"\" srcset=\"https:\/\/vatrostalac.hr\/wp-content\/uploads\/2021\/11\/pngwing.com_-150x150.png 150w, https:\/\/vatrostalac.hr\/wp-content\/uploads\/2021\/11\/pngwing.com_-300x300.png 300w, https:\/\/vatrostalac.hr\/wp-content\/uploads\/2021\/11\/pngwing.com_-1024x1024.png 1024w, https:\/\/vatrostalac.hr\/wp-content\/uploads\/2021\/11\/pngwing.com_-350x350.png 350w, https:\/\/vatrostalac.hr\/wp-content\/uploads\/2021\/11\/pngwing.com_-600x600.png 600w, https:\/\/vatrostalac.hr\/wp-content\/uploads\/2021\/11\/pngwing.com_.png 1182w\" sizes=\"auto, (max-width: 150px) 100vw, 150px\" \/><\/div><\/div><\/div><\/div><\/div><\/div><div class=\"g-cols wpb_row type_default valign_top vc_inner  vc_custom_1599557533149\"><div class=\"vc_col-sm-12 wpb_column vc_column_container\"><div class=\"vc_column-inner\"><div class=\"wpb_wrapper\">\r\n\t<div class=\"wpb_text_column \">\r\n\t\t<div class=\"wpb_wrapper\">\r\n\t\t\t<h3>Vision<\/h3>\n\r\n\t\t<\/div>\r\n\t<\/div>\r\n\r\n\t<div class=\"wpb_text_column \">\r\n\t\t<div class=\"wpb_wrapper\">\r\n\t\t\t<p>Die Vision des Unternehmens ist es, der f\u00fchrende Anbieter von feuerfesten Materialien in Kroatien zu werden, der durch die hohe Produktqualit\u00e4t und die pers\u00f6nliche Herangehensweise an jeden Kunden, erkennbar ist.<\/p>\n\r\n\t\t<\/div>\r\n\t<\/div>\r\n<\/div><\/div><\/div><\/div><div class=\"g-cols wpb_row type_default valign_top vc_inner  vc_custom_1599557540363\"><div class=\"vc_col-sm-12 wpb_column vc_column_container\"><div class=\"vc_column-inner\"><div class=\"wpb_wrapper\">\r\n\t<div class=\"wpb_text_column \">\r\n\t\t<div class=\"wpb_wrapper\">\r\n\t\t\t<h3>Mission<\/h3>\n\r\n\t\t<\/div>\r\n\t<\/div>\r\n\r\n\t<div class=\"wpb_text_column \">\r\n\t\t<div class=\"wpb_wrapper\">\r\n\t\t\t<p>Die Mission des Unternehmens ist es, ein langfristiger und zuverl\u00e4ssiger Partner f\u00fcr alle Unternehmen zu sein, die feuerfeste Materialien in ihrem Gesch\u00e4ft verwenden.<\/p>\n\r\n\t\t<\/div>\r\n\t<\/div>\r\n<\/div><\/div><\/div><\/div><\/div><\/div><\/div><\/div><\/div><\/section>\n<\/div>","protected":false},"excerpt":{"rendered":"Das Unternehmen Vatrostalac wurde 1988 in der Stadt Krapina (Norden Kroatiens) als ein Familienunternehmen gegr\u00fcndet, was es noch heute ist. Das Unternehmen besch\u00e4ftigt sich mit der Herstellung von feuerfesten Pulvermaterialien in der Produktionsst\u00e4tte die sich in der Stadt Krapina befindet. In der Zusammenarbeit mit mehreren bekannten externen Unternehmen werden feuerfeste Materialien in verschiedenen Formen wie...","protected":false},"author":4,"featured_media":0,"parent":0,"menu_order":0,"comment_status":"closed","ping_status":"closed","template":"","meta":{"footnotes":""},"class_list":["post-899","page","type-page","status-publish","hentry"],"_links":{"self":[{"href":"https:\/\/vatrostalac.hr\/de\/wp-json\/wp\/v2\/pages\/899","targetHints":{"allow":["GET"]}}],"collection":[{"href":"https:\/\/vatrostalac.hr\/de\/wp-json\/wp\/v2\/pages"}],"about":[{"href":"https:\/\/vatrostalac.hr\/de\/wp-json\/wp\/v2\/types\/page"}],"author":[{"embeddable":true,"href":"https:\/\/vatrostalac.hr\/de\/wp-json\/wp\/v2\/users\/4"}],"replies":[{"embeddable":true,"href":"https:\/\/vatrostalac.hr\/de\/wp-json\/wp\/v2\/comments?post=899"}],"version-history":[{"count":3,"href":"https:\/\/vatrostalac.hr\/de\/wp-json\/wp\/v2\/pages\/899\/revisions"}],"predecessor-version":[{"id":1069,"href":"https:\/\/vatrostalac.hr\/de\/wp-json\/wp\/v2\/pages\/899\/revisions\/1069"}],"wp:attachment":[{"href":"https:\/\/vatrostalac.hr\/de\/wp-json\/wp\/v2\/media?parent=899"}],"curies":[{"name":"wp","href":"https:\/\/api.w.org\/{rel}","templated":true}]}}