{"id":902,"date":"2021-04-30T13:18:22","date_gmt":"2021-04-30T11:18:22","guid":{"rendered":"https:\/\/vatrostalac.hr\/?page_id=902"},"modified":"2023-12-11T18:44:01","modified_gmt":"2023-12-11T17:44:01","slug":"kontakt","status":"publish","type":"page","link":"https:\/\/vatrostalac.hr\/de\/kontakt\/","title":{"rendered":"Kontakt"},"content":{"rendered":"<div class=\"wpb-content-wrapper\"><section class=\"l-section wpb_row height_medium\"><div class=\"l-section-h i-cf\" style=\"padding-bottom: 0px !important;\"><div class=\"g-cols vc_row type_default valign_middle\"><div class=\"vc_col-sm-6 wpb_column vc_column_container\"><div class=\"vc_column-inner  vc_custom_1599558638841\"><div class=\"wpb_wrapper\"><div class=\"g-cols wpb_row type_default valign_top vc_inner \"><div class=\"vc_col-sm-12 wpb_column vc_column_container\"><div class=\"vc_column-inner\"><div class=\"wpb_wrapper\"><div class=\"w-map\" id=\"us_map_1\" style=\"height:400px;\"><div class=\"w-map-h\"><\/div><div class=\"w-map-json\" onclick='return {&quot;address&quot;:&quot;Bobovje 51A, 49000 Krapina&quot;,&quot;markers&quot;:[{&quot;address&quot;:&quot;Bobovje 51A, 49000 Krapina&quot;,&quot;html&quot;:&quot;Bobovje 51A, 49000 Krapina&quot;,&quot;infowindow&quot;:false}],&quot;zoom&quot;:14,&quot;maptype&quot;:&quot;ROADMAP&quot;,&quot;height&quot;:&quot;400&quot;}'><\/div><\/div><\/div><\/div><\/div><\/div><\/div><\/div><\/div><div class=\"vc_col-sm-6 wpb_column vc_column_container\"><div class=\"vc_column-inner\"><div class=\"wpb_wrapper\">\r\n\t<div class=\"wpb_text_column \">\r\n\t\t<div class=\"wpb_wrapper\">\r\n\t\t\t<p style=\"text-align: left;\"><strong>UNTERNEHMEN:<\/strong> VATROSTALAC GmbH<br \/>\n<strong>ADRESSE:<\/strong> BOBOVJE 51 A, 49000 KRAPINA, KROATIEN<br \/>\n<strong>TEL.:<\/strong> <a href=\"tel:0038549373594\">00385 49\/373 594<\/a><br \/>\n<strong>MOB.:<\/strong> <a href=\"tel:00385981891736\">00385 98 \/ 189-1736<\/a><br \/>\n<strong>E-MAIL:<\/strong> <a href=\"mailto: info@vatrostalac.hr\">info@vatrostalac.hr<\/a><\/p>\n\r\n\t\t<\/div>\r\n\t<\/div>\r\n<\/div><\/div><\/div><\/div><\/div><\/section><section class=\"l-section wpb_row height_medium\"><div class=\"l-section-h i-cf\"><div class=\"g-cols vc_row type_default valign_top\"><div class=\"vc_col-sm-12 wpb_column vc_column_container\"><div class=\"vc_column-inner\"><div class=\"wpb_wrapper\"><div class=\"g-cols wpb_row type_default valign_top vc_inner \"><div class=\"vc_col-sm-12 wpb_column vc_column_container\"><div class=\"vc_column-inner\"><div class=\"wpb_wrapper\">\r\n\t<div class=\"wpb_text_column \">\r\n\t\t<div class=\"wpb_wrapper\">\r\n\t\t\t<p style=\"text-align: center;\">Wenn Sie Fragen zu unseren Produkten haben oder L\u00f6sungen f\u00fcr Ihre speziellen Anforderungen ben\u00f6tigen, nehmen Sie bitte Kontakt mit uns auf. Unser Team wird sich so schnell wie m\u00f6glich mit Ihnen in Verbindung setzen.<\/p>\n\r\n\t\t<\/div>\r\n\t<\/div>\r\n\r\n\t<div class=\"wpb_text_column \">\r\n\t\t<div class=\"wpb_wrapper\">\r\n\t\t\t<div data-uniq='69e8b5504a6cd' class='uniq-69e8b5504a6cd formcraft-css form-live align-left'><div class='form-logic'>[]<\/div><div class=\"fc-pagination-cover fc-pagination-1\">\n\t\t\t\t<div class=\"fc-pagination\" style=\"width: 100%\">\n\t\t\t\t\t<div class=\"pagination-trigger \" data-index=\"0\">\n\t\t\t\t\t\t<span class=\"page-number\"><span >1<\/span><\/span>\n\t\t\t\t\t\t<span class=\"page-name \">Step 1<\/span>\n\t\t\t\t\t\t\n\t\t\t\t\t<\/div>\n\t\t\t\t<\/div>\n\t\t\t<\/div>\n\t\t\t\n\t\t\t<style scoped=\"scoped\" >\n\t\t\t@media (max-width : 480px) {\n\t\t\t\t.fc_modal-dialog-3 .fc-pagination-cover .fc-pagination\n\t\t\t\t{\n\t\t\t\t\tbackground-color: none !important;\n\t\t\t\t}\n\t\t\t}\n\t\t\t\t\t\t.formcraft-css .fc-form.fc-form-3 .form-element .submit-cover .submit-button,\n\t\t\t.formcraft-css .fc-form.fc-form-3 .form-element .fileupload-cover .button-file,\n\t\t\t.formcraft-css .fc-form.fc-form-3 .form-element .field-cover .button,\n\t\t\t.formcraft-datepicker .ui-datepicker-header,\n\t\t\t.formcraft-datepicker .ui-datepicker-title\n\t\t\t{\n\t\t\t\tbackground: #ef7e2d;\n\t\t\t\tcolor: #fff;\n\t\t\t}\n\t\t\t.formcraft-datepicker td .ui-state-active,\n\t\t\t.formcraft-datepicker td .ui-state-hover,\n\t\t\t.formcraft-css .fc-form.fc-form-3 .form-element .slider-cover .ui-slider-range\n\t\t\t{\n\t\t\t\tbackground: #ef7e2d;\n\t\t\t}\n\t\t\t#ui-datepicker-div.formcraft-datepicker .ui-datepicker-header,\n\t\t\t.formcraft-css .fc-form .field-cover>div.full hr\n\t\t\t{\n\t\t\t\tborder-color: #d26e27;\n\t\t\t}\n\t\t\t#ui-datepicker-div.formcraft-datepicker .ui-datepicker-prev:hover,\n\t\t\t#ui-datepicker-div.formcraft-datepicker .ui-datepicker-next:hover,\n\t\t\t#ui-datepicker-div.formcraft-datepicker select.ui-datepicker-month:hover,\n\t\t\t#ui-datepicker-div.formcraft-datepicker select.ui-datepicker-year:hover\n\t\t\t{\n\t\t\t\tbackground-color: #d26e27;\n\t\t\t}\n\t\t\t.formcraft-css .fc-pagination>div.active .page-number,\n\t\t\t.formcraft-css .form-cover-builder .fc-pagination>div:first-child .page-number\n\t\t\t{\n\t\t\t\tbackground-color: #c70000;\n\t\t\t\tcolor: #fff;\n\t\t\t}\n\t\t\t#ui-datepicker-div.formcraft-datepicker table.ui-datepicker-calendar th,\n\t\t\t#ui-datepicker-div.formcraft-datepicker table.ui-datepicker-calendar td.ui-datepicker-today a,\n\t\t\t.formcraft-css .fc-form.fc-form-3 .form-element .star-cover label,\n\t\t\thtml .formcraft-css .fc-form.label-floating .form-element .field-cover.has-focus>span,\n\t\t\t.formcraft-css .fc-form.fc-form-3 .form-element .customText-cover a,\n\t\t\t.formcraft-css .prev-next>div span:hover\n\t\t\t{\n\t\t\t\tcolor: #ef7e2d;\n\t\t\t}\n\t\t\t.formcraft-css .fc-form.fc-form-3 .form-element .customText-cover a:hover\n\t\t\t{\n\t\t\t\tcolor: #d26e27;\n\t\t\t}\n\t\t\thtml .formcraft-css .fc-form.fc-form-3.label-floating .form-element .field-cover > span\n\t\t\t{\n\t\t\t\tcolor: #666666;\n\t\t\t}\n\t\t\thtml .formcraft-css .fc-form .final-success .final-success-check {\n\t\t\t\tborder: 2px solid #666666;\n\t\t\t}\n\t\t\t.formcraft-css .fc-form.fc-form-3 .form-element .field-cover input[type=\"text\"],\n\t\t\t.formcraft-css .fc-form.fc-form-3 .form-element .field-cover input[type=\"email\"],\n\t\t\t.formcraft-css .fc-form.fc-form-3 .form-element .field-cover input[type=\"password\"],\n\t\t\t.formcraft-css .fc-form.fc-form-3 .form-element .field-cover input[type=\"tel\"],\n\t\t\t.formcraft-css .fc-form.fc-form-3 .form-element .field-cover textarea,\n\t\t\t.formcraft-css .fc-form.fc-form-3 .form-element .field-cover select,\n\t\t\t.formcraft-css .fc-form.fc-form-3 .form-element .field-cover .time-fields-cover,\n\t\t\t.formcraft-css .fc-form.fc-form-3 .form-element .field-cover .awesomplete ul\n\t\t\t{\n\t\t\t\tcolor: #777;\n\t\t\t}\n\t\t\t.formcraft-css .fc-form.fc-form-3 .form-element .field-cover input[type=\"text\"],\n\t\t\t.formcraft-css .fc-form.fc-form-3 .form-element .field-cover input[type=\"password\"],\n\t\t\t.formcraft-css .fc-form.fc-form-3 .form-element .field-cover input[type=\"email\"],\n\t\t\t.formcraft-css .fc-form.fc-form-3 .form-element .field-cover input[type=\"radio\"],\n\t\t\t.formcraft-css .fc-form.fc-form-3 .form-element .field-cover input[type=\"checkbox\"],\n\t\t\t.formcraft-css .fc-form.fc-form-3 .form-element .field-cover input[type=\"tel\"],\n\t\t\t.formcraft-css .fc-form.fc-form-3 .form-element .field-cover select,\n\t\t\t.formcraft-css .fc-form.fc-form-3 .form-element .field-cover textarea\n\t\t\t{\n\t\t\t\tbackground-color: #fafafa;\n\t\t\t}\n\t\t\t.formcraft-css .fc-form.fc-form-3 .form-element .field-cover input[type=\"radio\"]:checked,\n\t\t\t.formcraft-css .fc-form.fc-form-3 .form-element .field-cover input[type=\"checkbox\"]:checked {\n\t\t\t\tborder-color: #d26e27;\n\t\t\t\tbackground: #ef7e2d;\t\t\t\t\n\t\t\t}\n\t\t\t.formcraft-css .fc-form.fc-form-3 .form-element .star-cover label .star\n\t\t\t{\n\t\t\t\ttext-shadow: 0px 1px 0px #d26e27;\n\t\t\t}\n\t\t\t.formcraft-css .fc-form.fc-form-3 .form-element .slider-cover .ui-slider-range\n\t\t\t{\n\t\t\t\tbox-shadow: 0px 1px 1px #d26e27 inset;\n\t\t\t}\n\t\t\t.formcraft-css .fc-form.fc-form-3 .form-element .fileupload-cover .button-file\n\t\t\t{\n\t\t\t\tborder-color: #d26e27;\n\t\t\t}\n\t\t\t.formcraft-css .fc-form.fc-form-3 .form-element .form-element-html input[type=\"password\"]:focus,\n\t\t\t.formcraft-css .fc-form.fc-form-3 .form-element .form-element-html input[type=\"email\"]:focus,\n\t\t\t.formcraft-css .fc-form.fc-form-3 .form-element .form-element-html input[type=\"tel\"]:focus,\n\t\t\t.formcraft-css .fc-form.fc-form-3 .form-element .form-element-html input[type=\"text\"]:focus,\n\t\t\t.formcraft-css .fc-form.fc-form-3 .form-element .form-element-html textarea:focus,\n\t\t\t.formcraft-css .fc-form.fc-form-3 .form-element .form-element-html select:focus\n\t\t\t{\n\t\t\t\tborder-color: #ef7e2d;\n\t\t\t}\n\t\t\t.formcraft-css .fc-form.fc-form-3 .form-element .form-element-html .field-cover .is-read-only:focus {\n\t\t\t\tborder-color: #ccc;\n\t\t\t}\n\t\t\t.formcraft-css .fc-form.fc-form-3\t\t\t{\n\t\t\t\tfont-family: inherit;\n\t\t\t}\n\t\t\t@media (max-width : 480px) {\n\t\t\t\thtml .dedicated-page,\n\t\t\t\thtml .dedicated-page .formcraft-css .fc-pagination > div.active\n\t\t\t\t{\n\t\t\t\t\tbackground: none;\n\t\t\t\t}\n\t\t\t}\n\t\t<\/style>\n\t\t<div class=\"form-cover\">\n\t\t\t<form data-thousand=\"\" data-decimal=\".\" data-delay=\"\" data-id=\"3\" class=\"fc-form fc-form-3 align- fc-temp-class spin- save-form- dont-submit-hidden- disable-enter- label-block field-border-hidden frame-hidden remove-asterisk-true icons-hide-true field-alignment-left\" style=\"width: 100%; color: #666666; font-size: 100%; background: none\">\n\t\t\t\t<div class=\"form-page form-page-0\" data-index=\"0\">\n\t\t\t\t\t\n\t\t\t\t\t<div class=\"form-page-content     \">\n\t\t\t\t\t\t<div data-identifier=\"field1\" data-index=\"0\" style=\"width: 100%\" class=\" form-element form-element-field1 options-false index-false form-element-0 default-false form-element-type-oneLineText is-required-true odd -handle\">\n\t\t\t\t\t\t\t<div class=\"form-element-html\"><div ><div class=\"oneLineText-cover field-cover \"><span class=\"sub-label-false\"><span class=\"main-label\"><span >Vorname und Nachname:<\/span><\/span><span class=\"sub-label\"><\/span><\/span><div><span class=\"error\"><\/span><input type=\"text\" placeholder=\"\" make-read-only=\"false\" data-field-id=\"field1\" name=\"field1[]\" data-min-char=\"\" data-max-char=\"\" data-val-type=\"\" data-regexp=\"\" data-is-required=\"true\" data-allow-spaces=\"true\" class=\"validation-lenient\" data-placement=\"right\" data-toggle=\"tooltip\" tooltip=\"\" data-trigger=\"focus\" data-html=\"true\" data-input-mask=\"\" data-mask-placeholder=\"\" data-original-title=\"\"><i class=\"formcraft-icon formcraft-icon-type-\"><\/i><\/div><\/div><\/div><\/div>\n\t\t\t\t\t\t\t\n\t\t\t\t\t\t<\/div><div data-identifier=\"field2\" data-index=\"1\" style=\"width: 100%\" class=\" even form-element form-element-field2 options-false index-false form-element-1 default-false form-element-type-email is-required-true -handle\">\n\t\t\t\t\t\t\t<div class=\"form-element-html\"><div ><div class=\"email-cover field-cover \"><span class=\"sub-label-true\"><span class=\"main-label\"><span >Email:<\/span><\/span><span class=\"sub-label\"><\/span><\/span><div><span class=\"error\"><\/span><input placeholder=\"\" data-field-id=\"field2\" type=\"text\" data-val-type=\"email\" make-read-only=\"\" data-is-required=\"true\" name=\"field2\" class=\"validation-lenient\" data-placement=\"right\" data-toggle=\"tooltip\" tooltip=\"\" data-trigger=\"focus\" data-html=\"true\" data-original-title=\"\"><i class=\"formcraft-icon\">email<\/i><\/div><\/div><\/div><\/div>\n\t\t\t\t\t\t\t\n\t\t\t\t\t\t<\/div><div data-identifier=\"field3\" data-index=\"2\" style=\"width: 100%\" class=\" form-element form-element-field3 options-false index-false form-element-2 default-false form-element-type-textarea is-required-true odd -handle\">\n\t\t\t\t\t\t\t<div class=\"form-element-html\"><div ><div class=\"textarea-cover field-cover \"><span class=\"sub-label-false\"><span class=\"main-label\"><span >Anfrage:<\/span><\/span><span class=\"sub-label\"><\/span><\/span><div><span class=\"error\"><\/span><textarea data-field-id=\"field3\" placeholder=\"\" class=\"validation-lenient\" name=\"field3\" value=\"\" rows=\"5\" data-min-char=\"\" data-max-char=\"\" data-is-required=\"true\" data-placement=\"right\" data-toggle=\"tooltip\" tooltip=\"\" data-trigger=\"focus\" data-html=\"true\" data-original-title=\"\" style=\"min-height: 110.4px\"><\/textarea><div class=\"count-false\"><span class=\"current-count\">0<\/span> \/ <span class=\"max-count \"><\/span><\/div><\/div><\/div><\/div><\/div>\n\t\t\t\t\t\t\t\n\t\t\t\t\t\t<\/div><div data-identifier=\"field4\" data-index=\"3\" style=\"width: 100%\" class=\" even form-element form-element-field4 options-false index-false form-element-3 default-false form-element-type-submit is-required-false -handle\">\n\t\t\t\t\t\t\t<div class=\"form-element-html\"><div ><div class=\"align-right wide-false submit-cover field-cover\"><button type=\"submit\" class=\"button submit-button\"><span class=\"text \">Senden<\/span><span class=\"spin-cover\"><i style=\"color:\" class=\"loading-icon icon-cog animate-spin\"><\/i><\/span><\/button><\/div><div class=\"submit-response \"><\/div><input type=\"text\" class=\"required_field \" name=\"website\" autocomplete=\"maple-syrup-pot\"><\/div><\/div>\n\t\t\t\t\t\t\t\n\t\t\t\t\t\t<\/div><div data-identifier=\"field5\" data-index=\"4\" style=\"width: 100%\" class=\" form-element form-element-field5 options- index- form-element-4 default-false form-element-type-reCaptcha is-required-false odd -handle\">\n\t\t\t\t\t\t\t<div class=\"form-element-html\"><div ><div data-site-key=\"6LfyJcArAAAAAESvHmzhlV1awTLbv37J28cxkRjQ\" class=\"captcha-placeholder \">reCaptcha v3<\/div><input type=\"hidden\" class=\"recaptcha-token \" name=\"recaptcha-token\"><\/div><\/div>\n\t\t\t\t\t\t\t\n\t\t\t\t\t\t<\/div>\n\t\t\t\t\t<\/div>\n\t\t\t\t<\/div>\n\t\t\t<\/form>\n\t\t\t<div class=\"prev-next prev-next-1\" style=\"width: 100%; color: #666666; font-size: 100%; background: none\">\n\t\t\t\t<div><input type=\"text\" class=\"  \"><span class=\"inactive page-prev \"><i class=\"formcraft-icon\">keyboard_arrow_left<\/i>Previous<\/span><\/div>\n\t\t\t\t<div><input type=\"text\" class=\"  \"><span class=\"page-next \">Next<i class=\"formcraft-icon\">keyboard_arrow_right<\/i><\/span><\/div>\n\t\t\t<\/div>\n\t\t<\/div><a class=\"powered-by\" target=\"_blank\" href=\"http:\/\/formcraft-wp.com?source=pb\"\/>FormCraft - WordPress form builder<\/a><\/div>\n\r\n\t\t<\/div>\r\n\t<\/div>\r\n<\/div><\/div><\/div><\/div><\/div><\/div><\/div><\/div><\/div><\/section>\n<\/div>","protected":false},"excerpt":{"rendered":"UNTERNEHMEN: VATROSTALAC GmbH ADRESSE: BOBOVJE 51 A, 49000 KRAPINA, KROATIEN TEL.: 00385 49\/373 594 MOB.: 00385 98 \/ 189-1736 E-MAIL: info@vatrostalac.hr Wenn Sie Fragen zu unseren Produkten haben oder L\u00f6sungen f\u00fcr Ihre speziellen Anforderungen ben\u00f6tigen, nehmen Sie bitte Kontakt mit uns auf. Unser Team wird sich so schnell wie m\u00f6glich mit Ihnen in Verbindung setzen....","protected":false},"author":4,"featured_media":0,"parent":0,"menu_order":0,"comment_status":"closed","ping_status":"closed","template":"","meta":{"footnotes":""},"class_list":["post-902","page","type-page","status-publish","hentry"],"_links":{"self":[{"href":"https:\/\/vatrostalac.hr\/de\/wp-json\/wp\/v2\/pages\/902","targetHints":{"allow":["GET"]}}],"collection":[{"href":"https:\/\/vatrostalac.hr\/de\/wp-json\/wp\/v2\/pages"}],"about":[{"href":"https:\/\/vatrostalac.hr\/de\/wp-json\/wp\/v2\/types\/page"}],"author":[{"embeddable":true,"href":"https:\/\/vatrostalac.hr\/de\/wp-json\/wp\/v2\/users\/4"}],"replies":[{"embeddable":true,"href":"https:\/\/vatrostalac.hr\/de\/wp-json\/wp\/v2\/comments?post=902"}],"version-history":[{"count":4,"href":"https:\/\/vatrostalac.hr\/de\/wp-json\/wp\/v2\/pages\/902\/revisions"}],"predecessor-version":[{"id":1178,"href":"https:\/\/vatrostalac.hr\/de\/wp-json\/wp\/v2\/pages\/902\/revisions\/1178"}],"wp:attachment":[{"href":"https:\/\/vatrostalac.hr\/de\/wp-json\/wp\/v2\/media?parent=902"}],"curies":[{"name":"wp","href":"https:\/\/api.w.org\/{rel}","templated":true}]}}